{"id":96,"date":"2022-10-14T20:27:38","date_gmt":"2022-10-14T17:27:38","guid":{"rendered":"http:\/\/www.karistystanod.fi\/?page_id=96"},"modified":"2025-01-14T20:21:49","modified_gmt":"2025-01-14T17:21:49","slug":"nostalgiresan","status":"publish","type":"page","link":"https:\/\/www.karistystanod.fi\/?page_id=96","title":{"rendered":"Nostalgiresan &#8211; butik"},"content":{"rendered":"\n<div class=\"wp-block-media-text alignwide is-stacked-on-mobile\"><figure class=\"wp-block-media-text__media\"><img loading=\"lazy\" decoding=\"async\" width=\"594\" height=\"444\" src=\"http:\/\/www.karistystanod.fi\/wp-content\/uploads\/2022\/10\/Ska\u0308rmavbild-2022-10-14-kl.-20.23.17.png\" alt=\"\" class=\"wp-image-97 size-full\" srcset=\"https:\/\/www.karistystanod.fi\/wp-content\/uploads\/2022\/10\/Ska\u0308rmavbild-2022-10-14-kl.-20.23.17.png 594w, https:\/\/www.karistystanod.fi\/wp-content\/uploads\/2022\/10\/Ska\u0308rmavbild-2022-10-14-kl.-20.23.17-300x224.png 300w\" sizes=\"auto, (max-width: 594px) 100vw, 594px\" \/><\/figure><div class=\"wp-block-media-text__content\">\n<p><strong>Andra insamlingskanaler<\/strong><br><br>F\u00f6reningen deltar i olika tillst\u00e4llningar s\u00e5som Ank-race, Karis-dagen och -natten, f\u00f6rsamlingens basarer mfl. och s\u00e4ljer d\u00e5 bl.a. lotter och bakverk.<\/p>\n\n\n\n<p>Dessutom s\u00e4ljer f\u00f6reningen olika produkter p\u00e5 n\u00e4tet och via Karis Bok &amp; Papper,<strong> i fr\u00e4msta hand nyckelringar<\/strong>,  med motiv fr\u00e5n de tidigare kommuner som bildar Raseborgs stad, <strong>Karis-kassar <\/strong>samt <strong>tavlor med lokala motiv.<\/strong><br><br><strong><em>NYHET: <\/em><\/strong><br><br><em><strong>Nu s\u00e4ljer f\u00f6reningen \u00e4ven tryck i A4 storlek med motiv fr\u00e5n Karis, Eken\u00e4s, Billn\u00e4s, Fiskars samt Fagervik. Konstn\u00e4r: Rita Pihl fr\u00e5n Karis.<\/strong><\/em><br><br>F\u00f6reningen samarbetar g\u00e4rna med intresserade, b\u00e5de g\u00e4llande nya f\u00f6rs\u00e4ljningspunkter f\u00f6r produkterna (m\u00f6jlighet till provision) och g\u00e4llande tips<br>p\u00e5 f\u00f6rs\u00e4ljning av andra produkter.<\/p>\n\n\n\n<p class=\"has-text-align-center has-primary-color has-text-color has-link-color has-large-font-size wp-elements-3b0e6e10655988970b7e84787daa7ca5\"><a href=\"https:\/\/www.google.com\/url?q=https%3A%2F%2Fnostalgiresan.mycashflow.fi%2F&amp;sa=D&amp;sntz=1&amp;usg=AOvVaw3JMF7O27QumXoyHtBT3ziG\" target=\"_blank\" rel=\"noreferrer noopener\"><em>nostalgiresan.fi\/<\/em><\/a><\/p>\n<\/div><\/div>\n","protected":false},"excerpt":{"rendered":"<p>Andra insamlingskanaler F\u00f6reningen deltar i olika tillst\u00e4llningar s\u00e5som Ank-race, Karis-dagen och -natten, f\u00f6rsamlingens basarer mfl. och s\u00e4ljer d\u00e5 bl.a. lotter och bakverk. Dessutom s\u00e4ljer f\u00f6reningen olika produkter p\u00e5 n\u00e4tet och via Karis Bok &amp; Papper, i fr\u00e4msta hand nyckelringar, med motiv fr\u00e5n de tidigare kommuner som bildar Raseborgs stad, Karis-kassar samt tavlor med lokala motiv. [&hellip;]<\/p>\n","protected":false},"author":1,"featured_media":0,"parent":0,"menu_order":0,"comment_status":"closed","ping_status":"closed","template":"","meta":{"footnotes":""},"class_list":["post-96","page","type-page","status-publish","hentry"],"_links":{"self":[{"href":"https:\/\/www.karistystanod.fi\/index.php?rest_route=\/wp\/v2\/pages\/96","targetHints":{"allow":["GET"]}}],"collection":[{"href":"https:\/\/www.karistystanod.fi\/index.php?rest_route=\/wp\/v2\/pages"}],"about":[{"href":"https:\/\/www.karistystanod.fi\/index.php?rest_route=\/wp\/v2\/types\/page"}],"author":[{"embeddable":true,"href":"https:\/\/www.karistystanod.fi\/index.php?rest_route=\/wp\/v2\/users\/1"}],"replies":[{"embeddable":true,"href":"https:\/\/www.karistystanod.fi\/index.php?rest_route=%2Fwp%2Fv2%2Fcomments&post=96"}],"version-history":[{"count":3,"href":"https:\/\/www.karistystanod.fi\/index.php?rest_route=\/wp\/v2\/pages\/96\/revisions"}],"predecessor-version":[{"id":204,"href":"https:\/\/www.karistystanod.fi\/index.php?rest_route=\/wp\/v2\/pages\/96\/revisions\/204"}],"wp:attachment":[{"href":"https:\/\/www.karistystanod.fi\/index.php?rest_route=%2Fwp%2Fv2%2Fmedia&parent=96"}],"curies":[{"name":"wp","href":"https:\/\/api.w.org\/{rel}","templated":true}]}}